{"id":358,"date":"2019-07-10T14:40:32","date_gmt":"2019-07-10T14:40:32","guid":{"rendered":"https:\/\/themes.getmotopress.com\/luviana\/?page_id=358"},"modified":"2020-12-17T17:57:53","modified_gmt":"2020-12-17T17:57:53","slug":"activities","status":"publish","type":"page","link":"https:\/\/villateneriffa.com\/de\/home\/activities\/","title":{"rendered":"Aktivit\u00e4ten"},"content":{"rendered":"<p>Unser Haus liegt im Villenort Chayofa, der zentral im S\u00fcden Teneriffas liegt. Las Aquilas Jungle Park, eine Tennisakademie, sowie Restaurants und Bars in kanarischem und kubanischem Ambiente befinden sich in unmittelbarer N\u00e4he.\n\nDrei Autominuten entfernt finden Sie den Siam Park (Wasser-Freizeitpark Nr. 1 Weltweit), das Einkaufszentrum Siam Mall, die Touristenorte Los Cristianos und Las Americas sowie unz\u00e4hlige wundersch\u00f6ne Atlantikstr\u00e4nde. \n\n5 Golfpl\u00e4tze befinden sich in unmittelbarer N\u00e4he.<\/p>\n\n\n\n<!--more-->\n\n\n\n<figure class=\"wp-block-gallery columns-3 is-cropped wp-block-gallery-1 is-layout-flex wp-block-gallery-is-layout-flex\"><ul class=\"blocks-gallery-grid\"><li class=\"blocks-gallery-item\"><figure><img loading=\"lazy\" decoding=\"async\" width=\"1024\" height=\"659\" src=\"https:\/\/villateneriffa.com\/wp-content\/uploads\/2020\/02\/iStock-621375174-1024x659.jpg\" alt=\"\" data-id=\"1483\" data-full-url=\"https:\/\/villateneriffa.com\/wp-content\/uploads\/2020\/02\/iStock-621375174.jpg\" data-link=\"https:\/\/villateneriffa.com\/home\/activities\/teide-national-park-tenerife-canary-islands-spain\/\" class=\"wp-image-1483\" srcset=\"https:\/\/villateneriffa.com\/wp-content\/uploads\/2020\/02\/iStock-621375174-1024x659.jpg 1024w, https:\/\/villateneriffa.com\/wp-content\/uploads\/2020\/02\/iStock-621375174-300x193.jpg 300w, https:\/\/villateneriffa.com\/wp-content\/uploads\/2020\/02\/iStock-621375174-768x494.jpg 768w, https:\/\/villateneriffa.com\/wp-content\/uploads\/2020\/02\/iStock-621375174-1170x753.jpg 1170w, https:\/\/villateneriffa.com\/wp-content\/uploads\/2020\/02\/iStock-621375174-140x90.jpg 140w, https:\/\/villateneriffa.com\/wp-content\/uploads\/2020\/02\/iStock-621375174.jpg 1500w\" sizes=\"auto, (max-width: 1024px) 100vw, 1024px\" \/><figcaption class=\"blocks-gallery-item__caption\">Teide National Park, Tenerife, Canary islands, Spain<\/figcaption><\/figure><\/li><li class=\"blocks-gallery-item\"><figure><img loading=\"lazy\" decoding=\"async\" width=\"1024\" height=\"1024\" src=\"https:\/\/villateneriffa.com\/wp-content\/uploads\/2020\/02\/iStock-156870789-1024x1024.jpg\" alt=\"\" data-id=\"1484\" data-full-url=\"https:\/\/villateneriffa.com\/wp-content\/uploads\/2020\/02\/iStock-156870789.jpg\" data-link=\"https:\/\/villateneriffa.com\/home\/activities\/beach-playa-de-la-tejita-in-tenerife\/\" class=\"wp-image-1484\" srcset=\"https:\/\/villateneriffa.com\/wp-content\/uploads\/2020\/02\/iStock-156870789-1024x1024.jpg 1024w, https:\/\/villateneriffa.com\/wp-content\/uploads\/2020\/02\/iStock-156870789-300x300.jpg 300w, https:\/\/villateneriffa.com\/wp-content\/uploads\/2020\/02\/iStock-156870789-150x150.jpg 150w, https:\/\/villateneriffa.com\/wp-content\/uploads\/2020\/02\/iStock-156870789-768x768.jpg 768w, https:\/\/villateneriffa.com\/wp-content\/uploads\/2020\/02\/iStock-156870789-1170x1170.jpg 1170w, https:\/\/villateneriffa.com\/wp-content\/uploads\/2020\/02\/iStock-156870789-992x992.jpg 992w, https:\/\/villateneriffa.com\/wp-content\/uploads\/2020\/02\/iStock-156870789.jpg 1500w\" sizes=\"auto, (max-width: 1024px) 100vw, 1024px\" \/><figcaption class=\"blocks-gallery-item__caption\">Beach Playa de la Tejita turquoise in Tenerife Canary islands with red mountain<\/figcaption><\/figure><\/li><li class=\"blocks-gallery-item\"><figure><img loading=\"lazy\" decoding=\"async\" width=\"1024\" height=\"683\" src=\"https:\/\/villateneriffa.com\/wp-content\/uploads\/2020\/02\/iStock-174854500-1024x683.jpg\" alt=\"\" data-id=\"1485\" data-full-url=\"https:\/\/villateneriffa.com\/wp-content\/uploads\/2020\/02\/iStock-174854500.jpg\" data-link=\"https:\/\/villateneriffa.com\/home\/activities\/playa-de-las-terisitas-tenerife\/\" class=\"wp-image-1485\" srcset=\"https:\/\/villateneriffa.com\/wp-content\/uploads\/2020\/02\/iStock-174854500-1024x683.jpg 1024w, https:\/\/villateneriffa.com\/wp-content\/uploads\/2020\/02\/iStock-174854500-300x200.jpg 300w, https:\/\/villateneriffa.com\/wp-content\/uploads\/2020\/02\/iStock-174854500-768x512.jpg 768w, https:\/\/villateneriffa.com\/wp-content\/uploads\/2020\/02\/iStock-174854500-1170x780.jpg 1170w, https:\/\/villateneriffa.com\/wp-content\/uploads\/2020\/02\/iStock-174854500.jpg 1500w\" sizes=\"auto, (max-width: 1024px) 100vw, 1024px\" \/><figcaption class=\"blocks-gallery-item__caption\">An abstract view of Playa de las Terisitas beach on the Canary Island of Tenerife.<\/figcaption><\/figure><\/li><\/ul><\/figure>\n\n\n\n<p>Las Americas mit Teneriffa`s Golden Mile bietet Ihnen ein unvergessliches Ausgeherlebnis.  Unz\u00e4hlige Gesch\u00e4fte, Restaurants, Bars und Nightlive kombiniert mit der wundersch\u00f6nen Natur Teneriffas sind ein Anziehungspunkt f\u00fcr Einheimische und Touristen.<\/p>\n\n\n\n<p>Durch das wunderbar milde und ganzj\u00e4hrig gleichbleibende Klima der Kanaren, nicht umsonst wird Teneriffa als Insel des ewigen Fr\u00fchlings bezeichnet, k\u00f6nnen Sie die Str\u00e4nde und s\u00e4mtliche Outdoor-Aktivit\u00e4ten \u00fcber das gesamte Jahr hinweg genie\u00dfen.<\/p>\n\n\n\n<p>Weiterhin geben wir Ihnen gerne Tipps \u00fcber Inseltouren, Wandern, Wal-\/Delphinsafaris, Gleitschirmfl\u00fcge oder Fahrradtouren.<\/p>\n\n\n\n<p>Wir empfehlen die Tauchbasis Paradise Divers, Calle el Jable 41, 38678 Callao Salvaje. Tel. +34 922 74 09 61.<\/p>\n\n\n\n<figure class=\"wp-block-gallery columns-2 is-cropped wp-block-gallery-2 is-layout-flex wp-block-gallery-is-layout-flex\"><ul class=\"blocks-gallery-grid\"><li class=\"blocks-gallery-item\"><figure><img loading=\"lazy\" decoding=\"async\" width=\"1024\" height=\"683\" src=\"https:\/\/villateneriffa.com\/wp-content\/uploads\/2020\/02\/iStock-844189554-1024x683.jpg\" alt=\"\" data-id=\"1487\" data-full-url=\"https:\/\/villateneriffa.com\/wp-content\/uploads\/2020\/02\/iStock-844189554.jpg\" data-link=\"https:\/\/villateneriffa.com\/home\/activities\/tenerife-colourful-houses-and-palm-trees-on-street-in-puerto-de-la-cruz-town-tenerife-canary-islands-spain\/\" class=\"wp-image-1487\" srcset=\"https:\/\/villateneriffa.com\/wp-content\/uploads\/2020\/02\/iStock-844189554-1024x683.jpg 1024w, https:\/\/villateneriffa.com\/wp-content\/uploads\/2020\/02\/iStock-844189554-300x200.jpg 300w, https:\/\/villateneriffa.com\/wp-content\/uploads\/2020\/02\/iStock-844189554-768x512.jpg 768w, https:\/\/villateneriffa.com\/wp-content\/uploads\/2020\/02\/iStock-844189554-1170x780.jpg 1170w, https:\/\/villateneriffa.com\/wp-content\/uploads\/2020\/02\/iStock-844189554.jpg 1500w\" sizes=\"auto, (max-width: 1024px) 100vw, 1024px\" \/><figcaption class=\"blocks-gallery-item__caption\">Tenerife. Colourful houses and palm trees on street in Puerto de la Cruz town, Tenerife, Canary Islands, Spain<\/figcaption><\/figure><\/li><li class=\"blocks-gallery-item\"><figure><img loading=\"lazy\" decoding=\"async\" width=\"1024\" height=\"683\" src=\"https:\/\/villateneriffa.com\/wp-content\/uploads\/2020\/02\/iStock-596050820-1024x683.jpg\" alt=\"\" data-id=\"1486\" data-full-url=\"https:\/\/villateneriffa.com\/wp-content\/uploads\/2020\/02\/iStock-596050820.jpg\" data-link=\"https:\/\/villateneriffa.com\/home\/activities\/wooden-fishing-boats-in-a-small-port\/\" class=\"wp-image-1486\" srcset=\"https:\/\/villateneriffa.com\/wp-content\/uploads\/2020\/02\/iStock-596050820-1024x683.jpg 1024w, https:\/\/villateneriffa.com\/wp-content\/uploads\/2020\/02\/iStock-596050820-300x200.jpg 300w, https:\/\/villateneriffa.com\/wp-content\/uploads\/2020\/02\/iStock-596050820-768x512.jpg 768w, https:\/\/villateneriffa.com\/wp-content\/uploads\/2020\/02\/iStock-596050820-1170x780.jpg 1170w, https:\/\/villateneriffa.com\/wp-content\/uploads\/2020\/02\/iStock-596050820.jpg 1500w\" sizes=\"auto, (max-width: 1024px) 100vw, 1024px\" \/><figcaption class=\"blocks-gallery-item__caption\">Wooden fishing boats in a small port on the beach<\/figcaption><\/figure><\/li><\/ul><\/figure>","protected":false},"excerpt":{"rendered":"<p>Within walking distance are tennis and padel courts, the Las Aguilas Jungle Park, suitable for young and old, as well as restaurants and bars in Canarian and Cuban ambience. Only 5 minutes drive away is the Siam Water Park (Nr. 1 Worldwide on Tripadvisor), the Siam Shopping Mall, the tourist resorts of Los Cristianos and [&hellip;]<\/p>\n","protected":false},"author":1,"featured_media":1052,"parent":11,"menu_order":0,"comment_status":"closed","ping_status":"closed","template":"","meta":{"inline_featured_image":false,"footnotes":""},"class_list":["post-358","page","type-page","status-publish","has-post-thumbnail","hentry"],"_links":{"self":[{"href":"https:\/\/villateneriffa.com\/de\/wp-json\/wp\/v2\/pages\/358","targetHints":{"allow":["GET"]}}],"collection":[{"href":"https:\/\/villateneriffa.com\/de\/wp-json\/wp\/v2\/pages"}],"about":[{"href":"https:\/\/villateneriffa.com\/de\/wp-json\/wp\/v2\/types\/page"}],"author":[{"embeddable":true,"href":"https:\/\/villateneriffa.com\/de\/wp-json\/wp\/v2\/users\/1"}],"replies":[{"embeddable":true,"href":"https:\/\/villateneriffa.com\/de\/wp-json\/wp\/v2\/comments?post=358"}],"version-history":[{"count":14,"href":"https:\/\/villateneriffa.com\/de\/wp-json\/wp\/v2\/pages\/358\/revisions"}],"predecessor-version":[{"id":1554,"href":"https:\/\/villateneriffa.com\/de\/wp-json\/wp\/v2\/pages\/358\/revisions\/1554"}],"up":[{"embeddable":true,"href":"https:\/\/villateneriffa.com\/de\/wp-json\/wp\/v2\/pages\/11"}],"wp:featuredmedia":[{"embeddable":true,"href":"https:\/\/villateneriffa.com\/de\/wp-json\/wp\/v2\/media\/1052"}],"wp:attachment":[{"href":"https:\/\/villateneriffa.com\/de\/wp-json\/wp\/v2\/media?parent=358"}],"curies":[{"name":"wp","href":"https:\/\/api.w.org\/{rel}","templated":true}]}}