{"id":735,"date":"2019-07-15T11:57:59","date_gmt":"2019-07-15T11:57:59","guid":{"rendered":"https:\/\/themes.getmotopress.com\/luviana\/?page_id=735"},"modified":"2020-01-03T18:49:01","modified_gmt":"2020-01-03T18:49:01","slug":"reviews","status":"publish","type":"page","link":"https:\/\/villateneriffa.com\/de\/reviews\/","title":{"rendered":"Unsere G\u00e4ste sagen"},"content":{"rendered":"<ol class=\"has-avatars has-dates has-excerpts wp-block-latest-comments\"><li class=\"wp-block-latest-comments__comment\"><img alt='' src='https:\/\/secure.gravatar.com\/avatar\/348f9109e4788b9c2108d6b1b45808b87309c06103e2bea36aac6dcb92fde3f9?s=48&#038;d=mm&#038;r=g' srcset='https:\/\/secure.gravatar.com\/avatar\/348f9109e4788b9c2108d6b1b45808b87309c06103e2bea36aac6dcb92fde3f9?s=96&#038;d=mm&#038;r=g 2x' class='avatar avatar-48 photo wp-block-latest-comments__comment-avatar' height='48' width='48' \/><article><footer class=\"wp-block-latest-comments__comment-meta\"><a class=\"wp-block-latest-comments__comment-author\" href=\"https:\/\/villateneriffa.com\/de\/author\/admin\/\">Christian (Schweiz)<\/a> zu <a class=\"wp-block-latest-comments__comment-link\" href=\"https:\/\/villateneriffa.com\/de\/accommodation\/villa-del-duque-chayofa\/#comment-51\">Villa Del Duque Chayofa<\/a><time datetime=\"2019-11-21T01:50:25+00:00\" class=\"wp-block-latest-comments__comment-date\">21. November 2019<\/time><\/footer><div class=\"wp-block-latest-comments__comment-excerpt\"><p>Freundlicher Gastgeber in toller Lage in ruhiger Umgebung, aber nahe am Strand und anderen Attraktionen.<\/p>\n<\/div><\/article><\/li><li class=\"wp-block-latest-comments__comment\"><img alt='' src='https:\/\/secure.gravatar.com\/avatar\/348f9109e4788b9c2108d6b1b45808b87309c06103e2bea36aac6dcb92fde3f9?s=48&#038;d=mm&#038;r=g' srcset='https:\/\/secure.gravatar.com\/avatar\/348f9109e4788b9c2108d6b1b45808b87309c06103e2bea36aac6dcb92fde3f9?s=96&#038;d=mm&#038;r=g 2x' class='avatar avatar-48 photo wp-block-latest-comments__comment-avatar' height='48' width='48' \/><article><footer class=\"wp-block-latest-comments__comment-meta\"><a class=\"wp-block-latest-comments__comment-author\" href=\"https:\/\/villateneriffa.com\/de\/author\/admin\/\">Brian (England)<\/a> zu <a class=\"wp-block-latest-comments__comment-link\" href=\"https:\/\/villateneriffa.com\/de\/accommodation\/villa-del-duque-chayofa\/#comment-50\">Villa Del Duque Chayofa<\/a><time datetime=\"2019-11-21T01:50:20+00:00\" class=\"wp-block-latest-comments__comment-date\">21. November 2019<\/time><\/footer><div class=\"wp-block-latest-comments__comment-excerpt\"><p>Jeder, der einen fantastischen, problemlosen Aufenthalt in einer wundersch\u00f6nen Umgebung verbringen m\u00f6chte, ist hier genau richtig.<\/p>\n<\/div><\/article><\/li><li class=\"wp-block-latest-comments__comment\"><img alt='' src='https:\/\/secure.gravatar.com\/avatar\/348f9109e4788b9c2108d6b1b45808b87309c06103e2bea36aac6dcb92fde3f9?s=48&#038;d=mm&#038;r=g' srcset='https:\/\/secure.gravatar.com\/avatar\/348f9109e4788b9c2108d6b1b45808b87309c06103e2bea36aac6dcb92fde3f9?s=96&#038;d=mm&#038;r=g 2x' class='avatar avatar-48 photo wp-block-latest-comments__comment-avatar' height='48' width='48' \/><article><footer class=\"wp-block-latest-comments__comment-meta\"><a class=\"wp-block-latest-comments__comment-author\" href=\"https:\/\/villateneriffa.com\/de\/author\/admin\/\">Diane &amp; Colin (Schottland)<\/a> zu <a class=\"wp-block-latest-comments__comment-link\" href=\"https:\/\/villateneriffa.com\/de\/accommodation\/villa-del-duque-chayofa\/#comment-49\">Villa Del Duque Chayofa<\/a><time datetime=\"2019-11-21T01:50:14+00:00\" class=\"wp-block-latest-comments__comment-date\">21. November 2019<\/time><\/footer><div class=\"wp-block-latest-comments__comment-excerpt\"><p>Wunderbar, atemberaubend, erstaunlich Diese erstaunliche Villa mit beheiztem Pool war unser Zuhause f\u00fcr Familie und Freunde &amp; #8230; Beeindruckend! Makellos sauber mit ...<\/p>\n<\/div><\/article><\/li><li class=\"wp-block-latest-comments__comment\"><img alt='' src='https:\/\/secure.gravatar.com\/avatar\/348f9109e4788b9c2108d6b1b45808b87309c06103e2bea36aac6dcb92fde3f9?s=48&#038;d=mm&#038;r=g' srcset='https:\/\/secure.gravatar.com\/avatar\/348f9109e4788b9c2108d6b1b45808b87309c06103e2bea36aac6dcb92fde3f9?s=96&#038;d=mm&#038;r=g 2x' class='avatar avatar-48 photo wp-block-latest-comments__comment-avatar' height='48' width='48' \/><article><footer class=\"wp-block-latest-comments__comment-meta\"><a class=\"wp-block-latest-comments__comment-author\" href=\"https:\/\/villateneriffa.com\/de\/author\/admin\/\">Glynis C.<\/a> zu <a class=\"wp-block-latest-comments__comment-link\" href=\"https:\/\/villateneriffa.com\/de\/accommodation\/villa-del-duque-chayofa\/#comment-48\">Villa Del Duque Chayofa<\/a><time datetime=\"2019-11-21T01:50:08+00:00\" class=\"wp-block-latest-comments__comment-date\">21. November 2019<\/time><\/footer><div class=\"wp-block-latest-comments__comment-excerpt\"><p>Wir sind gerade zur\u00fcckgekehrt, nachdem wir eine Woche in dieser wundersch\u00f6nen Villa verbracht haben. Wir haben mit einer anderen Familie Urlaub gemacht, unsere Gruppe besteht aus\u2026<\/p>\n<\/div><\/article><\/li><li class=\"wp-block-latest-comments__comment\"><img alt='' src='https:\/\/secure.gravatar.com\/avatar\/348f9109e4788b9c2108d6b1b45808b87309c06103e2bea36aac6dcb92fde3f9?s=48&#038;d=mm&#038;r=g' srcset='https:\/\/secure.gravatar.com\/avatar\/348f9109e4788b9c2108d6b1b45808b87309c06103e2bea36aac6dcb92fde3f9?s=96&#038;d=mm&#038;r=g 2x' class='avatar avatar-48 photo wp-block-latest-comments__comment-avatar' height='48' width='48' \/><article><footer class=\"wp-block-latest-comments__comment-meta\"><a class=\"wp-block-latest-comments__comment-author\" href=\"https:\/\/villateneriffa.com\/de\/author\/admin\/\">Grainne C.<\/a> zu <a class=\"wp-block-latest-comments__comment-link\" href=\"https:\/\/villateneriffa.com\/de\/accommodation\/villa-del-duque-chayofa\/#comment-47\">Villa Del Duque Chayofa<\/a><time datetime=\"2019-11-21T01:50:03+00:00\" class=\"wp-block-latest-comments__comment-date\">21. November 2019<\/time><\/footer><div class=\"wp-block-latest-comments__comment-excerpt\"><p>Sch\u00f6ne ger\u00e4umige Villa mit herrlichem Blick Die Villa ist sehr modern und #038; ger\u00e4umig mit einer fabelhaften K\u00fcche zum Kochen in ...<\/p>\n<\/div><\/article><\/li><li class=\"wp-block-latest-comments__comment\"><img alt='' src='https:\/\/secure.gravatar.com\/avatar\/348f9109e4788b9c2108d6b1b45808b87309c06103e2bea36aac6dcb92fde3f9?s=48&#038;d=mm&#038;r=g' srcset='https:\/\/secure.gravatar.com\/avatar\/348f9109e4788b9c2108d6b1b45808b87309c06103e2bea36aac6dcb92fde3f9?s=96&#038;d=mm&#038;r=g 2x' class='avatar avatar-48 photo wp-block-latest-comments__comment-avatar' height='48' width='48' \/><article><footer class=\"wp-block-latest-comments__comment-meta\"><a class=\"wp-block-latest-comments__comment-author\" href=\"https:\/\/villateneriffa.com\/de\/author\/admin\/\">Andre E. (Deutschland)<\/a> zu <a class=\"wp-block-latest-comments__comment-link\" href=\"https:\/\/villateneriffa.com\/de\/accommodation\/villa-del-duque-chayofa\/#comment-46\">Villa Del Duque Chayofa<\/a><time datetime=\"2019-11-21T01:49:59+00:00\" class=\"wp-block-latest-comments__comment-date\">21. November 2019<\/time><\/footer><div class=\"wp-block-latest-comments__comment-excerpt\"><p>Es war einfach gesagt: Perfekt Wir waren vom 6.10 bis zum 16.10 mit 8 Personen in diesem Haus. Thomas und\u2026<\/p>\n<\/div><\/article><\/li><li class=\"wp-block-latest-comments__comment\"><img alt='' src='https:\/\/secure.gravatar.com\/avatar\/348f9109e4788b9c2108d6b1b45808b87309c06103e2bea36aac6dcb92fde3f9?s=48&#038;d=mm&#038;r=g' srcset='https:\/\/secure.gravatar.com\/avatar\/348f9109e4788b9c2108d6b1b45808b87309c06103e2bea36aac6dcb92fde3f9?s=96&#038;d=mm&#038;r=g 2x' class='avatar avatar-48 photo wp-block-latest-comments__comment-avatar' height='48' width='48' \/><article><footer class=\"wp-block-latest-comments__comment-meta\"><a class=\"wp-block-latest-comments__comment-author\" href=\"https:\/\/villateneriffa.com\/de\/author\/admin\/\">Olaf (Deutschland)<\/a> zu <a class=\"wp-block-latest-comments__comment-link\" href=\"https:\/\/villateneriffa.com\/de\/accommodation\/villa-del-duque-chayofa\/#comment-45\">Villa Del Duque Chayofa<\/a><time datetime=\"2019-11-21T01:49:55+00:00\" class=\"wp-block-latest-comments__comment-date\">21. November 2019<\/time><\/footer><div class=\"wp-block-latest-comments__comment-excerpt\"><p>Schon im Kurzurlaub ist der Funke gesprungen! Unsere Gastgeber haben uns zu wunderbaren Tagen verholfen. Coole Tipps f\u00fcr Ausflugsziele und\u2026<\/p>\n<\/div><\/article><\/li><li class=\"wp-block-latest-comments__comment\"><img alt='' src='https:\/\/secure.gravatar.com\/avatar\/348f9109e4788b9c2108d6b1b45808b87309c06103e2bea36aac6dcb92fde3f9?s=48&#038;d=mm&#038;r=g' srcset='https:\/\/secure.gravatar.com\/avatar\/348f9109e4788b9c2108d6b1b45808b87309c06103e2bea36aac6dcb92fde3f9?s=96&#038;d=mm&#038;r=g 2x' class='avatar avatar-48 photo wp-block-latest-comments__comment-avatar' height='48' width='48' \/><article><footer class=\"wp-block-latest-comments__comment-meta\"><a class=\"wp-block-latest-comments__comment-author\" href=\"https:\/\/villateneriffa.com\/de\/author\/admin\/\">M + M (Bayern)<\/a> zu <a class=\"wp-block-latest-comments__comment-link\" href=\"https:\/\/villateneriffa.com\/de\/accommodation\/villa-del-duque-chayofa\/#comment-44\">Villa Del Duque Chayofa<\/a><time datetime=\"2019-11-21T01:49:50+00:00\" class=\"wp-block-latest-comments__comment-date\">21. November 2019<\/time><\/footer><div class=\"wp-block-latest-comments__comment-excerpt\"><p>Wundersch\u00f6ne Tage in Teneriffa in einem Traumhaus Lieber Thomas, Liebe<\/p>\n<\/div><\/article><\/li><li class=\"wp-block-latest-comments__comment\"><img alt='' src='https:\/\/secure.gravatar.com\/avatar\/348f9109e4788b9c2108d6b1b45808b87309c06103e2bea36aac6dcb92fde3f9?s=48&#038;d=mm&#038;r=g' srcset='https:\/\/secure.gravatar.com\/avatar\/348f9109e4788b9c2108d6b1b45808b87309c06103e2bea36aac6dcb92fde3f9?s=96&#038;d=mm&#038;r=g 2x' class='avatar avatar-48 photo wp-block-latest-comments__comment-avatar' height='48' width='48' \/><article><footer class=\"wp-block-latest-comments__comment-meta\"><a class=\"wp-block-latest-comments__comment-author\" href=\"https:\/\/villateneriffa.com\/de\/author\/admin\/\">Scott F. (Schottland)<\/a> zu <a class=\"wp-block-latest-comments__comment-link\" href=\"https:\/\/villateneriffa.com\/de\/accommodation\/villa-del-duque-chayofa\/#comment-43\">Villa Del Duque Chayofa<\/a><time datetime=\"2019-11-21T01:49:46+00:00\" class=\"wp-block-latest-comments__comment-date\">21. November 2019<\/time><\/footer><div class=\"wp-block-latest-comments__comment-excerpt\"><p>Fabelhafte Villa, toller Urlaub! Ein fantastisches Hotel mit allem, was zur Verf\u00fcgung gestellt wird. 10 von uns hatten mehr als genug Platz. Sch\u00f6n\u2026<\/p>\n<\/div><\/article><\/li><li class=\"wp-block-latest-comments__comment\"><img alt='' src='https:\/\/secure.gravatar.com\/avatar\/348f9109e4788b9c2108d6b1b45808b87309c06103e2bea36aac6dcb92fde3f9?s=48&#038;d=mm&#038;r=g' srcset='https:\/\/secure.gravatar.com\/avatar\/348f9109e4788b9c2108d6b1b45808b87309c06103e2bea36aac6dcb92fde3f9?s=96&#038;d=mm&#038;r=g 2x' class='avatar avatar-48 photo wp-block-latest-comments__comment-avatar' height='48' width='48' \/><article><footer class=\"wp-block-latest-comments__comment-meta\"><a class=\"wp-block-latest-comments__comment-author\" href=\"https:\/\/villateneriffa.com\/de\/author\/admin\/\">Claire J. (England)<\/a> zu <a class=\"wp-block-latest-comments__comment-link\" href=\"https:\/\/villateneriffa.com\/de\/accommodation\/villa-del-duque-chayofa\/#comment-42\">Villa Del Duque Chayofa<\/a><time datetime=\"2019-11-21T01:49:42+00:00\" class=\"wp-block-latest-comments__comment-date\">21. November 2019<\/time><\/footer><div class=\"wp-block-latest-comments__comment-excerpt\"><p>Villa ist perfekt f\u00fcr einen Familienurlaub mit viel Platz f\u00fcr alle. Wir hatten einen genialen Urlaub Thomas und\u2026<\/p>\n<\/div><\/article><\/li><li class=\"wp-block-latest-comments__comment\"><img alt='' src='https:\/\/secure.gravatar.com\/avatar\/348f9109e4788b9c2108d6b1b45808b87309c06103e2bea36aac6dcb92fde3f9?s=48&#038;d=mm&#038;r=g' srcset='https:\/\/secure.gravatar.com\/avatar\/348f9109e4788b9c2108d6b1b45808b87309c06103e2bea36aac6dcb92fde3f9?s=96&#038;d=mm&#038;r=g 2x' class='avatar avatar-48 photo wp-block-latest-comments__comment-avatar' height='48' width='48' \/><article><footer class=\"wp-block-latest-comments__comment-meta\"><a class=\"wp-block-latest-comments__comment-author\" href=\"https:\/\/villateneriffa.com\/de\/author\/admin\/\">Gemma (Irland)<\/a> zu <a class=\"wp-block-latest-comments__comment-link\" href=\"https:\/\/villateneriffa.com\/de\/accommodation\/villa-del-duque-chayofa\/#comment-41\">Villa Del Duque Chayofa<\/a><time datetime=\"2019-11-21T01:49:38+00:00\" class=\"wp-block-latest-comments__comment-date\">21. November 2019<\/time><\/footer><div class=\"wp-block-latest-comments__comment-excerpt\"><p>Villa von sehr hoher Qualit\u00e4t Thomas war ein ausgezeichneter Gastgeber. Er hat sehr schnell auf alle Fragen geantwortet, die\u2026<\/p>\n<\/div><\/article><\/li><li class=\"wp-block-latest-comments__comment\"><img alt='' src='https:\/\/secure.gravatar.com\/avatar\/348f9109e4788b9c2108d6b1b45808b87309c06103e2bea36aac6dcb92fde3f9?s=48&#038;d=mm&#038;r=g' srcset='https:\/\/secure.gravatar.com\/avatar\/348f9109e4788b9c2108d6b1b45808b87309c06103e2bea36aac6dcb92fde3f9?s=96&#038;d=mm&#038;r=g 2x' class='avatar avatar-48 photo wp-block-latest-comments__comment-avatar' height='48' width='48' \/><article><footer class=\"wp-block-latest-comments__comment-meta\"><a class=\"wp-block-latest-comments__comment-author\" href=\"https:\/\/villateneriffa.com\/de\/author\/admin\/\">Jeannette (Schweiz)<\/a> zu <a class=\"wp-block-latest-comments__comment-link\" href=\"https:\/\/villateneriffa.com\/de\/accommodation\/villa-del-duque-chayofa\/#comment-40\">Villa Del Duque Chayofa<\/a><time datetime=\"2019-11-21T01:49:33+00:00\" class=\"wp-block-latest-comments__comment-date\">21. November 2019<\/time><\/footer><div class=\"wp-block-latest-comments__comment-excerpt\"><p>Super Urlaub, in einer sehr sch\u00f6nen, bequemen Unterkunft und sehr sympathischen Gastgebern. Die Lage war super. Es war auch recht\u2026<\/p>\n<\/div><\/article><\/li><li class=\"wp-block-latest-comments__comment\"><img alt='' src='https:\/\/secure.gravatar.com\/avatar\/348f9109e4788b9c2108d6b1b45808b87309c06103e2bea36aac6dcb92fde3f9?s=48&#038;d=mm&#038;r=g' srcset='https:\/\/secure.gravatar.com\/avatar\/348f9109e4788b9c2108d6b1b45808b87309c06103e2bea36aac6dcb92fde3f9?s=96&#038;d=mm&#038;r=g 2x' class='avatar avatar-48 photo wp-block-latest-comments__comment-avatar' height='48' width='48' \/><article><footer class=\"wp-block-latest-comments__comment-meta\"><a class=\"wp-block-latest-comments__comment-author\" href=\"https:\/\/villateneriffa.com\/de\/author\/admin\/\">Richard D. (England)<\/a> zu <a class=\"wp-block-latest-comments__comment-link\" href=\"https:\/\/villateneriffa.com\/de\/accommodation\/villa-del-duque-chayofa\/#comment-39\">Villa Del Duque Chayofa<\/a><time datetime=\"2019-11-21T01:49:26+00:00\" class=\"wp-block-latest-comments__comment-date\">21. November 2019<\/time><\/footer><div class=\"wp-block-latest-comments__comment-excerpt\"><p>Traumhaus Einfach die beste Villa, in der ich je \u00fcbernachtet habe !! Gastgeber begr\u00fc\u00dften uns bei der Ankunft und halfen uns w\u00e4hrend unserer\u2026<\/p>\n<\/div><\/article><\/li><li class=\"wp-block-latest-comments__comment\"><img alt='' src='https:\/\/secure.gravatar.com\/avatar\/348f9109e4788b9c2108d6b1b45808b87309c06103e2bea36aac6dcb92fde3f9?s=48&#038;d=mm&#038;r=g' srcset='https:\/\/secure.gravatar.com\/avatar\/348f9109e4788b9c2108d6b1b45808b87309c06103e2bea36aac6dcb92fde3f9?s=96&#038;d=mm&#038;r=g 2x' class='avatar avatar-48 photo wp-block-latest-comments__comment-avatar' height='48' width='48' \/><article><footer class=\"wp-block-latest-comments__comment-meta\"><a class=\"wp-block-latest-comments__comment-author\" href=\"https:\/\/villateneriffa.com\/de\/author\/admin\/\">Dagmar (England)<\/a> zu <a class=\"wp-block-latest-comments__comment-link\" href=\"https:\/\/villateneriffa.com\/de\/accommodation\/villa-del-duque-chayofa\/#comment-38\">Villa Del Duque Chayofa<\/a><time datetime=\"2019-11-21T01:49:20+00:00\" class=\"wp-block-latest-comments__comment-date\">21. November 2019<\/time><\/footer><div class=\"wp-block-latest-comments__comment-excerpt\"><p>Thomas` Haus Thomas &amp; #8217; Haus ist alles und mehr was man sich als Urlaubsziel w\u00fcnschen kann. Es ist sehr gut ausgestattet\u2026<\/p>\n<\/div><\/article><\/li><li class=\"wp-block-latest-comments__comment\"><img alt='' src='https:\/\/secure.gravatar.com\/avatar\/348f9109e4788b9c2108d6b1b45808b87309c06103e2bea36aac6dcb92fde3f9?s=48&#038;d=mm&#038;r=g' srcset='https:\/\/secure.gravatar.com\/avatar\/348f9109e4788b9c2108d6b1b45808b87309c06103e2bea36aac6dcb92fde3f9?s=96&#038;d=mm&#038;r=g 2x' class='avatar avatar-48 photo wp-block-latest-comments__comment-avatar' height='48' width='48' \/><article><footer class=\"wp-block-latest-comments__comment-meta\"><a class=\"wp-block-latest-comments__comment-author\" href=\"https:\/\/villateneriffa.com\/de\/author\/admin\/\">Bernard (Frankreich)<\/a> zu <a class=\"wp-block-latest-comments__comment-link\" href=\"https:\/\/villateneriffa.com\/de\/accommodation\/villa-del-duque-chayofa\/#comment-36\">Villa Del Duque Chayofa<\/a><time datetime=\"2019-11-21T01:38:01+00:00\" class=\"wp-block-latest-comments__comment-date\">21. November 2019<\/time><\/footer><div class=\"wp-block-latest-comments__comment-excerpt\"><p>Tr\u00e8s belle villa dans un tr\u00e8s beau cadre. Proche de la Plage und Proche des Montagnes. Une coupure estivale au\u2026<\/p>\n<\/div><\/article><\/li><\/ol>","protected":false},"excerpt":{"rendered":"","protected":false},"author":1,"featured_media":1048,"parent":0,"menu_order":0,"comment_status":"closed","ping_status":"closed","template":"","meta":{"inline_featured_image":false,"footnotes":""},"class_list":["post-735","page","type-page","status-publish","has-post-thumbnail","hentry"],"_links":{"self":[{"href":"https:\/\/villateneriffa.com\/de\/wp-json\/wp\/v2\/pages\/735","targetHints":{"allow":["GET"]}}],"collection":[{"href":"https:\/\/villateneriffa.com\/de\/wp-json\/wp\/v2\/pages"}],"about":[{"href":"https:\/\/villateneriffa.com\/de\/wp-json\/wp\/v2\/types\/page"}],"author":[{"embeddable":true,"href":"https:\/\/villateneriffa.com\/de\/wp-json\/wp\/v2\/users\/1"}],"replies":[{"embeddable":true,"href":"https:\/\/villateneriffa.com\/de\/wp-json\/wp\/v2\/comments?post=735"}],"version-history":[{"count":4,"href":"https:\/\/villateneriffa.com\/de\/wp-json\/wp\/v2\/pages\/735\/revisions"}],"predecessor-version":[{"id":1166,"href":"https:\/\/villateneriffa.com\/de\/wp-json\/wp\/v2\/pages\/735\/revisions\/1166"}],"wp:featuredmedia":[{"embeddable":true,"href":"https:\/\/villateneriffa.com\/de\/wp-json\/wp\/v2\/media\/1048"}],"wp:attachment":[{"href":"https:\/\/villateneriffa.com\/de\/wp-json\/wp\/v2\/media?parent=735"}],"curies":[{"name":"wp","href":"https:\/\/api.w.org\/{rel}","templated":true}]}}